{"id":5777,"date":"2017-09-04T19:49:06","date_gmt":"2017-09-04T19:49:06","guid":{"rendered":"http:\/\/themenectar.com\/demo\/salient-blog-ultimate\/?page_id=4"},"modified":"2026-03-27T23:39:03","modified_gmt":"2026-03-27T23:39:03","slug":"aprende","status":"publish","type":"page","link":"https:\/\/jorkcaceres.com\/en\/aprende\/","title":{"rendered":"Aprende"},"content":{"rendered":"\n\t\t<div id=\"fws_69e61842d5fc5\"  data-column-margin=\"default\" data-midnight=\"light\"  class=\"wpb_row vc_row-fluid vc_row full-width-content vc_row-o-equal-height vc_row-flex vc_row-o-content-top\"  style=\"padding-top: 0px; padding-bottom: 0px; \"><div class=\"row-bg-wrap\" data-bg-animation=\"none\" data-bg-animation-delay=\"\" data-bg-overlay=\"false\"><div class=\"inner-wrap row-bg-layer\" ><div class=\"row-bg viewport-desktop\"  style=\"\"><\/div><\/div><\/div><div class=\"row_col_wrap_12 col span_12 light left\">\n\t<div  class=\"vc_col-sm-12 wpb_column column_container vc_column_container col no-extra-padding inherit_tablet inherit_phone flex_gap_desktop_10px \"  data-padding-pos=\"all\" data-has-bg-color=\"false\" data-bg-color=\"\" data-bg-opacity=\"1\" data-animation=\"\" data-delay=\"0\" >\n\t\t<div class=\"vc_column-inner\" >\n\t\t\t<div class=\"wpb_wrapper\">\n\t\t\t\t<div id=\"rps_69e61842d6d34\" class=\"nectar-recent-posts-single_featured nectar-recent-posts-element multiple_featured parallax_section  \" data-max-width=\"default\" data-button-color=\"accent-color\" data-nav-location=\"side\" data-bg-overlay=\"solid_color\" data-padding=\"14%\" data-autorotate=\"8000\" data-height=\"600\" data-animate-in-effect=\"none\" data-remove-post-date=\"\" data-remove-post-author=\"\" data-remove-post-comment-number=\"\" data-remove-post-nectar-love=\"\">\n      \n      <div class=\"nectar-recent-post-slide no-bg-img active post-ref-0\">\n\n        <div class=\"row-bg using-image\" data-parallax-speed=\"fast\">\n          <div class=\"nectar-recent-post-bg\"  style=\"background-image: url(https:\/\/jorkcaceres.com\/wp-content\/uploads\/2026\/03\/Portada-1-scaled.jpg); \"><\/div>\n        <\/div>\n\n        <div class=\"recent-post-container container\"><div class=\"inner-wrap\"><div class=\"grav-wrap\"><a href=\"https:\/\/jorkcaceres.com\/en\/author\/ceojorkcaceres-com\/\"><img alt='Jorge C\u00e1ceres' src='https:\/\/secure.gravatar.com\/avatar\/b28421e43c14746e54b05571e19b2f84745bb317084d2fbf6904170970db936e?s=70&#038;d=mm&#038;r=g' srcset='https:\/\/secure.gravatar.com\/avatar\/b28421e43c14746e54b05571e19b2f84745bb317084d2fbf6904170970db936e?s=140&#038;d=mm&#038;r=g 2x' class='avatar avatar-70 photo' height='70' width='70' \/><\/a><div class=\"text\"><span>By <a href=\"https:\/\/jorkcaceres.com\/en\/author\/ceojorkcaceres-com\/\" rel=\"author\">Jorge C\u00e1ceres<\/a><\/span><span> In<\/span> <a class=\"analisis-de-datos\" href=\"https:\/\/jorkcaceres.com\/en\/category\/analisis-de-datos\/\"><span class=\"analisis-de-datos\">An\u00e1lisis de Datos<\/span><\/a><\/div><\/div><h2 class=\"large-featured-post-title post-ref-1\">          <a href=\" https:\/\/jorkcaceres.com\/en\/estoy-tomando-decisiones-a-ciegas\/\" class=\"full-slide-link\"> \u00bfEstoy tomando decisiones a ciegas? <\/a>\n          <\/h2>\n                    <a class=\"nectar-button large regular accent-color regular-button has-icon\" data-arrow-style=\"default\" href=\"https:\/\/jorkcaceres.com\/en\/estoy-tomando-decisiones-a-ciegas\/\" data-color-override=\"false\" data-hover-color-override=\"false\" data-hover-text-color-override=\"#fff\" >\n            <span>Read Article<\/span>\n            <i class=\"icon-button-arrow\"><\/i>          <\/a>\n\n\n\n          <\/div><!--\/inner-wrap-->\n\n        <\/div><!--\/recent-post-container-->\n\n      <\/div><!--\/nectar-recent-post-slide-->\n\n    \n  \n      \n      <div class=\"nectar-recent-post-slide no-bg-img  post-ref-2\">\n\n        <div class=\"row-bg using-image\" data-parallax-speed=\"fast\">\n          <div class=\"nectar-recent-post-bg\"  style=\"background-image: url(https:\/\/jorkcaceres.com\/wp-content\/uploads\/2026\/04\/Que-necesito-tener-para-montar-mi-pagina-web.png); \"><\/div>\n        <\/div>\n\n        <div class=\"recent-post-container container\"><div class=\"inner-wrap\"><div class=\"grav-wrap\"><a href=\"https:\/\/jorkcaceres.com\/en\/author\/ceojorkcaceres-com\/\"><img alt='Jorge C\u00e1ceres' src='https:\/\/secure.gravatar.com\/avatar\/b28421e43c14746e54b05571e19b2f84745bb317084d2fbf6904170970db936e?s=70&#038;d=mm&#038;r=g' srcset='https:\/\/secure.gravatar.com\/avatar\/b28421e43c14746e54b05571e19b2f84745bb317084d2fbf6904170970db936e?s=140&#038;d=mm&#038;r=g 2x' class='avatar avatar-70 photo' height='70' width='70' \/><\/a><div class=\"text\"><span>By <a href=\"https:\/\/jorkcaceres.com\/en\/author\/ceojorkcaceres-com\/\" rel=\"author\">Jorge C\u00e1ceres<\/a><\/span><span> In<\/span> <a class=\"desarrollo-web\" href=\"https:\/\/jorkcaceres.com\/en\/category\/desarrollo-web\/\"><span class=\"desarrollo-web\">Desarrollo Web<\/span><\/a><\/div><\/div><h2 class=\"large-featured-post-title post-ref-1\">          <a href=\" https:\/\/jorkcaceres.com\/en\/que-necesito-para-montar-mi-pagina-web\/\" class=\"full-slide-link\"> \u00bfQu\u00e9 necesito para montar mi p\u00e1gina web? <\/a>\n          <\/h2>\n                    <a class=\"nectar-button large regular accent-color regular-button has-icon\" data-arrow-style=\"default\" href=\"https:\/\/jorkcaceres.com\/en\/que-necesito-para-montar-mi-pagina-web\/\" data-color-override=\"false\" data-hover-color-override=\"false\" data-hover-text-color-override=\"#fff\" >\n            <span>Read Article<\/span>\n            <i class=\"icon-button-arrow\"><\/i>          <\/a>\n\n\n\n          <\/div><!--\/inner-wrap-->\n\n        <\/div><!--\/recent-post-container-->\n\n      <\/div><!--\/nectar-recent-post-slide-->\n\n    \n  <\/div>\n\t\t\t<\/div> \n\t\t<\/div>\n\t<\/div> \n<\/div><\/div>\n\t\t<div id=\"fws_69e61842d73fa\"  data-column-margin=\"default\" data-midnight=\"dark\"  class=\"wpb_row vc_row-fluid vc_row\"  style=\"padding-top: 0px; padding-bottom: 0px; \"><div class=\"row-bg-wrap\" data-bg-animation=\"none\" data-bg-animation-delay=\"\" data-bg-overlay=\"false\"><div class=\"inner-wrap row-bg-layer\" ><div class=\"row-bg viewport-desktop\"  style=\"\"><\/div><\/div><\/div><div class=\"row_col_wrap_12 col span_12 dark left\">\n\t<div style=\"margin-top: -5%; \" class=\"vc_col-sm-12 wpb_column column_container vc_column_container col neg-marg no-extra-padding inherit_tablet inherit_phone flex_gap_desktop_10px \"  data-padding-pos=\"all\" data-has-bg-color=\"false\" data-bg-color=\"\" data-bg-opacity=\"1\" data-animation=\"\" data-delay=\"0\" >\n\t\t<div class=\"vc_column-inner\" >\n\t\t\t<div class=\"wpb_wrapper\">\n\t\t\t\t\n<div class=\"row\">\n\n <div class=\"post-area col  span_12 col_last masonry material  \" data-ams=\"\" data-remove-post-date=\"\" data-remove-post-author=\"\" data-remove-post-comment-number=\"\" data-remove-post-nectar-love=\"\"> <div class=\"posts-container\" data-load-animation=\"perspective\">    \n    <\/div><!--\/posts container-->\n    \n      \n<\/div><!--\/post area-->\n\n  \n\n<\/div>\n\n\n\t\t\t<\/div> \n\t\t<\/div>\n\t<\/div> \n<\/div><\/div>\n\t\t<div id=\"fws_69e61842d78f9\"  data-column-margin=\"default\" data-midnight=\"dark\"  class=\"wpb_row vc_row-fluid vc_row\"  style=\"padding-top: 0px; padding-bottom: 0px; \"><div class=\"row-bg-wrap\" data-bg-animation=\"none\" data-bg-animation-delay=\"\" data-bg-overlay=\"false\"><div class=\"inner-wrap row-bg-layer\" ><div class=\"row-bg viewport-desktop\"  style=\"\"><\/div><\/div><\/div><div class=\"row_col_wrap_12 col span_12 dark left\">\n\t<div  class=\"vc_col-sm-12 wpb_column column_container vc_column_container col no-extra-padding inherit_tablet inherit_phone flex_gap_desktop_10px \"  data-padding-pos=\"all\" data-has-bg-color=\"false\" data-bg-color=\"\" data-bg-opacity=\"1\" data-animation=\"\" data-delay=\"0\" >\n\t\t<div class=\"vc_column-inner\" >\n\t\t\t<div class=\"wpb_wrapper\">\n\t\t\t\t\n<div class=\"row\">\n\n <div class=\"post-area col featured_img_left span_9   \" data-ams=\"\" data-remove-post-date=\"\" data-remove-post-author=\"\" data-remove-post-comment-number=\"\" data-remove-post-nectar-love=\"\"> <div class=\"posts-container\" data-load-animation=\"none\">     \n     \n<article id=\"post-5927\" class=\"post-5927 post type-post status-publish format-standard has-post-thumbnail category-analisis-de-datos\">  \n  <div class=\"inner-wrap animated\">\n    <div class=\"post-content\">\n      <div class=\"article-content-wrap\">\n        <div class=\"post-featured-img-wrap\">\n          <a href=\"https:\/\/jorkcaceres.com\/en\/estoy-tomando-decisiones-a-ciegas\/\" aria-label=\"\u00bfEstoy tomando decisiones a ciegas?\"><span class=\"post-featured-img\"><img loading=\"lazy\" decoding=\"async\" width=\"2560\" height=\"1706\" src=\"https:\/\/jorkcaceres.com\/wp-content\/uploads\/2026\/03\/Portada-1-scaled.jpg\" class=\"attachment-wide_photography size-wide_photography skip-lazy wp-post-image\" alt=\"\" title=\"\" sizes=\"auto, (min-width: 690px) 40vw, 100vw\" srcset=\"https:\/\/jorkcaceres.com\/wp-content\/uploads\/2026\/03\/Portada-1-scaled.jpg 2560w, https:\/\/jorkcaceres.com\/wp-content\/uploads\/2026\/03\/Portada-1-300x200.jpg 300w, https:\/\/jorkcaceres.com\/wp-content\/uploads\/2026\/03\/Portada-1-1024x683.jpg 1024w, https:\/\/jorkcaceres.com\/wp-content\/uploads\/2026\/03\/Portada-1-768x512.jpg 768w, https:\/\/jorkcaceres.com\/wp-content\/uploads\/2026\/03\/Portada-1-1536x1024.jpg 1536w, https:\/\/jorkcaceres.com\/wp-content\/uploads\/2026\/03\/Portada-1-2048x1365.jpg 2048w\" \/><\/span><\/a>          \n        <\/div>\n        <div class=\"post-content-wrap\">\n          <a class=\"entire-meta-link\" href=\"https:\/\/jorkcaceres.com\/en\/estoy-tomando-decisiones-a-ciegas\/\"><span class=\"screen-reader-text\">\u00bfEstoy tomando decisiones a ciegas?<\/span><\/a>\n          <span class=\"meta-category\"><a class=\"analisis-de-datos\" href=\"https:\/\/jorkcaceres.com\/en\/category\/analisis-de-datos\/\">An\u00e1lisis de Datos<\/a><\/span>          \n          <div class=\"post-header\">\n            <h3 class=\"title\"><a href=\"https:\/\/jorkcaceres.com\/en\/estoy-tomando-decisiones-a-ciegas\/\"> \u00bfEstoy tomando decisiones a ciegas?<\/a><\/h3>\n          <\/div>\n          \n          <div class=\"excerpt\">La mayor\u00eda de emprendedores no tienen un problema de informaci\u00f3n. Tienen un problema de organizaci\u00f3n.&hellip;<\/div><div class=\"grav-wrap\"><a href=\"https:\/\/jorkcaceres.com\/en\/author\/ceojorkcaceres-com\/\"><img alt='Jorge C\u00e1ceres' src='https:\/\/secure.gravatar.com\/avatar\/b28421e43c14746e54b05571e19b2f84745bb317084d2fbf6904170970db936e?s=70&#038;d=mm&#038;r=g' srcset='https:\/\/secure.gravatar.com\/avatar\/b28421e43c14746e54b05571e19b2f84745bb317084d2fbf6904170970db936e?s=140&#038;d=mm&#038;r=g 2x' class='avatar avatar-70 photo' height='70' width='70' \/><\/a><div class=\"text\"><a href=\"https:\/\/jorkcaceres.com\/en\/author\/ceojorkcaceres-com\/\" rel=\"author\">Jorge C\u00e1ceres<\/a><span>April 5, 2026<\/span><\/div><\/div>        <\/div>\n      <\/div>\n    <\/div>\n  <\/div>\n<\/article>     \n     \n<article id=\"post-5905\" class=\"post-5905 post type-post status-publish format-standard has-post-thumbnail category-desarrollo-web\">  \n  <div class=\"inner-wrap animated\">\n    <div class=\"post-content\">\n      <div class=\"article-content-wrap\">\n        <div class=\"post-featured-img-wrap\">\n          <a href=\"https:\/\/jorkcaceres.com\/en\/que-necesito-para-montar-mi-pagina-web\/\" aria-label=\"\u00bfQu\u00e9 necesito para montar mi p\u00e1gina web?\"><span class=\"post-featured-img\"><img loading=\"lazy\" decoding=\"async\" width=\"1366\" height=\"768\" src=\"https:\/\/jorkcaceres.com\/wp-content\/uploads\/2026\/04\/Que-necesito-tener-para-montar-mi-pagina-web.png\" class=\"attachment-wide_photography size-wide_photography skip-lazy wp-post-image\" alt=\"\" title=\"\" sizes=\"auto, (min-width: 690px) 40vw, 100vw\" srcset=\"https:\/\/jorkcaceres.com\/wp-content\/uploads\/2026\/04\/Que-necesito-tener-para-montar-mi-pagina-web.png 1366w, https:\/\/jorkcaceres.com\/wp-content\/uploads\/2026\/04\/Que-necesito-tener-para-montar-mi-pagina-web-300x169.png 300w, https:\/\/jorkcaceres.com\/wp-content\/uploads\/2026\/04\/Que-necesito-tener-para-montar-mi-pagina-web-1024x576.png 1024w, https:\/\/jorkcaceres.com\/wp-content\/uploads\/2026\/04\/Que-necesito-tener-para-montar-mi-pagina-web-768x432.png 768w\" \/><\/span><\/a>          \n        <\/div>\n        <div class=\"post-content-wrap\">\n          <a class=\"entire-meta-link\" href=\"https:\/\/jorkcaceres.com\/en\/que-necesito-para-montar-mi-pagina-web\/\"><span class=\"screen-reader-text\">\u00bfQu\u00e9 necesito para montar mi p\u00e1gina web?<\/span><\/a>\n          <span class=\"meta-category\"><a class=\"desarrollo-web\" href=\"https:\/\/jorkcaceres.com\/en\/category\/desarrollo-web\/\">Desarrollo Web<\/a><\/span>          \n          <div class=\"post-header\">\n            <h3 class=\"title\"><a href=\"https:\/\/jorkcaceres.com\/en\/que-necesito-para-montar-mi-pagina-web\/\"> \u00bfQu\u00e9 necesito para montar mi p\u00e1gina web?<\/a><\/h3>\n          <\/div>\n          \n          <div class=\"excerpt\">La pregunta que todo emprendedor se hace antes de dar el salto digital. But nothing&hellip;<\/div><div class=\"grav-wrap\"><a href=\"https:\/\/jorkcaceres.com\/en\/author\/ceojorkcaceres-com\/\"><img alt='Jorge C\u00e1ceres' src='https:\/\/secure.gravatar.com\/avatar\/b28421e43c14746e54b05571e19b2f84745bb317084d2fbf6904170970db936e?s=70&#038;d=mm&#038;r=g' srcset='https:\/\/secure.gravatar.com\/avatar\/b28421e43c14746e54b05571e19b2f84745bb317084d2fbf6904170970db936e?s=140&#038;d=mm&#038;r=g 2x' class='avatar avatar-70 photo' height='70' width='70' \/><\/a><div class=\"text\"><a href=\"https:\/\/jorkcaceres.com\/en\/author\/ceojorkcaceres-com\/\" rel=\"author\">Jorge C\u00e1ceres<\/a><span>April 5, 2026<\/span><\/div><\/div>        <\/div>\n      <\/div>\n    <\/div>\n  <\/div>\n<\/article>    \n    <\/div><!--\/posts container-->\n    \n      \n<\/div><!--\/post area-->\n\n  \n  <div id=\"sidebar\" data-nectar-ss=\"true\" class=\"col span_3 col_last\">\n    <div id=\"block-7\" class=\"widget widget_block widget_search\"><form role=\"search\" method=\"get\" action=\"https:\/\/jorkcaceres.com\/en\/\" class=\"wp-block-search__button-outside wp-block-search__text-button wp-block-search\"    ><label class=\"wp-block-search__label screen-reader-text\" for=\"wp-block-search__input-1\" >Search<\/label><div class=\"wp-block-search__inside-wrapper\" ><input class=\"wp-block-search__input\" id=\"wp-block-search__input-1\" placeholder=\"\" value=\"\" type=\"search\" name=\"s\" required \/><button aria-label=\"Buscar\" class=\"wp-block-search__button wp-element-button\" type=\"submit\" >Buscar<\/button><\/div><\/form><\/div><div id=\"block-3\" class=\"widget widget_block\">\n<div class=\"wp-block-group is-layout-flow wp-block-group-is-layout-flow\">\n<h2 class=\"wp-block-heading\">Categor\u00edas <\/h2>\n\n\n<ul class=\"wp-block-categories-list wp-block-categories\">\t<li class=\"cat-item cat-item-16\"><a href=\"https:\/\/jorkcaceres.com\/en\/category\/analisis-de-datos\/\">An\u00e1lisis de Datos<\/a>\n<\/li>\n\t<li class=\"cat-item cat-item-17\"><a href=\"https:\/\/jorkcaceres.com\/en\/category\/desarrollo-web\/\">Desarrollo Web<\/a>\n<\/li>\n<\/ul><\/div>\n<\/div><div id=\"block-4\" class=\"widget widget_block\">\n<div class=\"wp-block-group is-layout-flow wp-block-group-is-layout-flow\">\n<h2 class=\"wp-block-heading\">\u00daltimas Publicaciones<\/h2>\n<\/div>\n<\/div><div id=\"block-8\" class=\"widget widget_block widget_recent_entries\"><ul class=\"wp-block-latest-posts__list is-grid columns-3 wp-block-latest-posts\"><li><a class=\"wp-block-latest-posts__post-title\" href=\"https:\/\/jorkcaceres.com\/en\/estoy-tomando-decisiones-a-ciegas\/\">\u00bfEstoy tomando decisiones a ciegas?<\/a><\/li>\n<li><a class=\"wp-block-latest-posts__post-title\" href=\"https:\/\/jorkcaceres.com\/en\/que-necesito-para-montar-mi-pagina-web\/\">\u00bfQu\u00e9 necesito para montar mi p\u00e1gina web?<\/a><\/li>\n<\/ul><\/div><div id=\"block-9\" class=\"widget widget_block\">\n<h2 class=\"wp-block-heading\">Mantente informado, decide mejor<\/h2>\n<\/div><div id=\"block-15\" class=\"widget widget_block widget_text\">\n<p>D\u00e9jame tu correo y recibe contenido de valor de forma peri\u00f3dica, pensado para ayudarte a tomar decisiones m\u00e1s inteligentes.<\/p>\n<\/div><div id=\"block-13\" class=\"widget widget_block\"><p>                    <script type=\"text\/javascript\">\n                        var onloadSibCallback = function () {\n                            jQuery('.g-recaptcha').each(function (index, el) {\n                                grecaptcha.render(el, {\n                                    'sitekey': jQuery(el).attr('data-sitekey')\n                                });\n                            });\n                        };\n                    <\/script>\n\t\t\t\t\t                <script src=\"https:\/\/www.google.com\/recaptcha\/api.js?onload=onloadSibCallback&render=explicit\" async defer><\/script>\n\t\t\t\t\n\t\t\t<form id=\"sib_signup_form_2\" method=\"post\" class=\"sib_signup_form\">\n\t\t\t\t<div class=\"sib_loader\" style=\"display:none;\"><img\n\t\t\t\t\t\t\tsrc=\"https:\/\/jorkcaceres.com\/wp-includes\/images\/spinner.gif\" alt=\"loader\"><\/div>\n\t\t\t\t<input type=\"hidden\" name=\"sib_form_action\" value=\"subscribe_form_submit\">\n\t\t\t\t<input type=\"hidden\" name=\"sib_form_id\" value=\"2\">\n                <input type=\"hidden\" name=\"sib_form_alert_notice\" value=\"Este campo es obligatorio, no lo dejes en blanco.\">\n                <input type=\"hidden\" name=\"sib_form_invalid_email_notice\" value=\"Algo no cuadra con tus datos. Rev\u00edsalos e intenta de nuevo.\">\n                <input type=\"hidden\" name=\"sib_security\" value=\"38de2746be\">\n\t\t\t\t<div class=\"sib_signup_box_inside_2\">\n\t\t\t\t\t<div style=\"\/*display:none*\/\" class=\"sib_msg_disp\">\n\t\t\t\t\t<\/div>\n                    \t\t\t\t\t<p class=\"sib-email-area\">\r\n    Correo Electr\u00f3nico\r\n    <input type=\"email\" class=\"sib-email-area\" name=\"email\" required=\"required\">\r\n<\/p>\r\n\r\n<p>\r\n    <input type=\"submit\" class=\"sib-default-btn\" value=\"Enviar\">\r\n<\/p>\r\n\t\t\t\t<\/div>\n\t\t\t<\/form>\n\t\t\t<style>\n\t\t\t\tform#sib_signup_form_2 { padding: 2px; -moz-box-sizing:border-box; -webkit-box-sizing: border-box; box-sizing: border-box; } form#sib_signup_form_2 input[type=text],form#sib_signup_form_2 input[type=email], form#sib_signup_form_2 select { width: 100%; border: 1px solid #bbb; height: auto; margin: 2px 0 0 0; } form#sib_signup_form_2 .sib-default-btn { margin: 2px 0; padding: 3px 8px; color:#fff; background-color: #000; border-color: #2E2E2E; font-size: 14px; font-weight:400; line-height: 1.4285; text-align: center; cursor: pointer; vertical-align: middle; -webkit-user-select:none; -moz-user-select:none; -ms-user-select:none; user-select:none; white-space: normal; border:1px solid transparent; border-radius: 3px; } form#sib_signup_form_2 .sib-default-btn:hover { background-color: #444; } form#sib_signup_form_2 p{ margin: 4px 0 0 0; }form#sib_signup_form_2 p.sib-alert-message {\n    padding: 6px 12px;\n    margin-bottom: 20px;\n    border: 1px solid transparent;\n    border-radius: 4px;\n    -webkit-box-sizing: border-box;\n    -moz-box-sizing: border-box;\n    box-sizing: border-box;\n}\nform#sib_signup_form_2 p.sib-alert-message-error {\n    background-color: #f2dede;\n    border-color: #ebccd1;\n    color: #a94442;\n}\nform#sib_signup_form_2 p.sib-alert-message-success {\n    background-color: #dff0d8;\n    border-color: #d6e9c6;\n    color: #3c763d;\n}\nform#sib_signup_form_2 p.sib-alert-message-warning {\n    background-color: #fcf8e3;\n    border-color: #faebcc;\n    color: #8a6d3b;\n}\n\t\t\t<\/style>\n\t\t\t<\/p>\n<\/div>  <\/div><!--\/span_3-->\n \n<\/div>\n\n\n\t\t\t<\/div> \n\t\t<\/div>\n\t<\/div> \n<\/div><\/div>\n","protected":false},"excerpt":{"rendered":"La pregunta que todo emprendedor se hace antes de dar el salto digital. Sin duda es una de las preguntas m\u00e1s frecuentes entre emprendedores y empresarios que quieren crecer en...","protected":false},"author":1,"featured_media":0,"parent":0,"menu_order":0,"comment_status":"closed","ping_status":"closed","template":"","meta":{"footnotes":""},"class_list":["post-5777","page","type-page","status-publish"],"_links":{"self":[{"href":"https:\/\/jorkcaceres.com\/en\/wp-json\/wp\/v2\/pages\/5777","targetHints":{"allow":["GET"]}}],"collection":[{"href":"https:\/\/jorkcaceres.com\/en\/wp-json\/wp\/v2\/pages"}],"about":[{"href":"https:\/\/jorkcaceres.com\/en\/wp-json\/wp\/v2\/types\/page"}],"author":[{"embeddable":true,"href":"https:\/\/jorkcaceres.com\/en\/wp-json\/wp\/v2\/users\/1"}],"replies":[{"embeddable":true,"href":"https:\/\/jorkcaceres.com\/en\/wp-json\/wp\/v2\/comments?post=5777"}],"version-history":[{"count":4,"href":"https:\/\/jorkcaceres.com\/en\/wp-json\/wp\/v2\/pages\/5777\/revisions"}],"predecessor-version":[{"id":5887,"href":"https:\/\/jorkcaceres.com\/en\/wp-json\/wp\/v2\/pages\/5777\/revisions\/5887"}],"wp:attachment":[{"href":"https:\/\/jorkcaceres.com\/en\/wp-json\/wp\/v2\/media?parent=5777"}],"curies":[{"name":"wp","href":"https:\/\/api.w.org\/{rel}","templated":true}]}}